{"id":112,"date":"2023-10-27T11:46:34","date_gmt":"2023-10-27T08:46:34","guid":{"rendered":"http:\/\/www.pipatius.com\/?page_id=112"},"modified":"2025-11-19T12:59:12","modified_gmt":"2025-11-19T10:59:12","slug":"info","status":"publish","type":"page","link":"https:\/\/www.pipatius.com\/?page_id=112&lang=fi","title":{"rendered":"Info"},"content":{"rendered":"\n<div class=\"wp-block-media-text is-stacked-on-mobile is-vertically-aligned-top\"><figure class=\"wp-block-media-text__media\"><img loading=\"lazy\" decoding=\"async\" width=\"1024\" height=\"977\" src=\"https:\/\/www.pipatius.com\/wp-content\/uploads\/2025\/05\/pfp-nettisivulle-1024x977.png\" alt=\"py\u00f6re\u00e4 profiili kuva jossa keskell\u00e4 p\u00f6rr\u00f6inen ankka jolla on v\u00e4rik\u00e4s tuubihuivi kaulassaan. ympyr\u00e4ss\u00e4 my\u00f6s teksti &quot; olen vain yksinkertainen olento&quot;\" class=\"wp-image-342 size-large\" srcset=\"https:\/\/www.pipatius.com\/wp-content\/uploads\/2025\/05\/pfp-nettisivulle-1024x977.png 1024w, https:\/\/www.pipatius.com\/wp-content\/uploads\/2025\/05\/pfp-nettisivulle-300x286.png 300w, https:\/\/www.pipatius.com\/wp-content\/uploads\/2025\/05\/pfp-nettisivulle-768x733.png 768w, https:\/\/www.pipatius.com\/wp-content\/uploads\/2025\/05\/pfp-nettisivulle.png 1606w\" sizes=\"auto, (max-width: 1024px) 100vw, 1024px\" \/><\/figure><div class=\"wp-block-media-text__content\">\n<h2 class=\"wp-block-heading\">Hei vaan! Olen Pipatius<\/h2>\n\n\n\n<h3 class=\"wp-block-heading\"><strong>Oikealta nimelt\u00e4ni Piia Haapaniemi mutta k\u00e4yt\u00e4n taiteilija nime\u00e4 &#8221;Pipatius&#8221;.  T\u00e4mm\u00f6inen keskell\u00e4 p\u00f6pelikk\u00f6\u00e4 asuva maatilan kasvatti , jolla suuri rakkaus el\u00e4imi\u00e4 ja taidetta kohtaan.<\/strong> <strong>Yleisesti olen perinteisten menetelmien taiteilija, kuten maalailen vesiv\u00e4reill\u00e4 ja musteella. <\/strong><\/h3>\n\n\n\n<h3 class=\"wp-block-heading\"><strong>Mutta l\u00e4hivuosina olen innostunut digitaalisesta taiteesta ja sarjakuvien teosta. Haluan tuoda taiteessani esille erilaisia tarinoita ja muistoja, joita on vuosien saatossa ker\u00e4\u00e4ntynyt. Suurin osa k\u00e4sittelev\u00e4t el\u00e4imien ja ihmisten monimutkaisia suhteita, jotka ovat sek\u00e4 brutaalin negatiivisia, mutta yht\u00e4 aikaa my\u00f6s pehmoisen positiivisia.<\/strong><\/h3>\n\n\n\n<p><strong>Jos olet kiinnostunut yhteisty\u00f6st\u00e4 niin laita viesti\u00e4 alla olevaan s\u00e4hk\u00f6postiin! <\/strong><\/p>\n<\/div><\/div>\n\n\n<div class=\"wp-block-image\">\n<figure class=\"aligncenter size-large is-resized\"><img loading=\"lazy\" decoding=\"async\" width=\"1024\" height=\"211\" src=\"https:\/\/www.pipatius.com\/wp-content\/uploads\/2024\/02\/sahkoposti-kuva-1024x211.jpg\" alt=\"\" class=\"wp-image-282\" style=\"aspect-ratio:4.8530805687203795;object-fit:contain;width:800px;height:auto\" srcset=\"https:\/\/www.pipatius.com\/wp-content\/uploads\/2024\/02\/sahkoposti-kuva-1024x211.jpg 1024w, https:\/\/www.pipatius.com\/wp-content\/uploads\/2024\/02\/sahkoposti-kuva-300x62.jpg 300w, https:\/\/www.pipatius.com\/wp-content\/uploads\/2024\/02\/sahkoposti-kuva-768x158.jpg 768w, https:\/\/www.pipatius.com\/wp-content\/uploads\/2024\/02\/sahkoposti-kuva-1536x317.jpg 1536w, https:\/\/www.pipatius.com\/wp-content\/uploads\/2024\/02\/sahkoposti-kuva-2048x422.jpg 2048w\" sizes=\"auto, (max-width: 1024px) 100vw, 1024px\" \/><\/figure>\n<\/div>\n\n\n<p class=\"has-text-align-center\"><strong><em>Linkkej\u00e4 sosiaalisiin kanaviini joita k\u00e4yt\u00e4n <\/em><\/strong><\/p>\n\n\n\n<ul class=\"wp-block-social-links has-huge-icon-size is-content-justification-center is-layout-flex wp-container-core-social-links-is-layout-16018d1d wp-block-social-links-is-layout-flex\"><li class=\"wp-social-link wp-social-link-instagram  wp-block-social-link\"><a href=\"https:\/\/instagram.com\/pipatius?igshid=NzZlODBkYWE4Ng==\" class=\"wp-block-social-link-anchor\"><svg width=\"24\" height=\"24\" viewBox=\"0 0 24 24\" version=\"1.1\" xmlns=\"http:\/\/www.w3.org\/2000\/svg\" aria-hidden=\"true\" focusable=\"false\"><path d=\"M12,4.622c2.403,0,2.688,0.009,3.637,0.052c0.877,0.04,1.354,0.187,1.671,0.31c0.42,0.163,0.72,0.358,1.035,0.673 c0.315,0.315,0.51,0.615,0.673,1.035c0.123,0.317,0.27,0.794,0.31,1.671c0.043,0.949,0.052,1.234,0.052,3.637 s-0.009,2.688-0.052,3.637c-0.04,0.877-0.187,1.354-0.31,1.671c-0.163,0.42-0.358,0.72-0.673,1.035 c-0.315,0.315-0.615,0.51-1.035,0.673c-0.317,0.123-0.794,0.27-1.671,0.31c-0.949,0.043-1.233,0.052-3.637,0.052 s-2.688-0.009-3.637-0.052c-0.877-0.04-1.354-0.187-1.671-0.31c-0.42-0.163-0.72-0.358-1.035-0.673 c-0.315-0.315-0.51-0.615-0.673-1.035c-0.123-0.317-0.27-0.794-0.31-1.671C4.631,14.688,4.622,14.403,4.622,12 s0.009-2.688,0.052-3.637c0.04-0.877,0.187-1.354,0.31-1.671c0.163-0.42,0.358-0.72,0.673-1.035 c0.315-0.315,0.615-0.51,1.035-0.673c0.317-0.123,0.794-0.27,1.671-0.31C9.312,4.631,9.597,4.622,12,4.622 M12,3 C9.556,3,9.249,3.01,8.289,3.054C7.331,3.098,6.677,3.25,6.105,3.472C5.513,3.702,5.011,4.01,4.511,4.511 c-0.5,0.5-0.808,1.002-1.038,1.594C3.25,6.677,3.098,7.331,3.054,8.289C3.01,9.249,3,9.556,3,12c0,2.444,0.01,2.751,0.054,3.711 c0.044,0.958,0.196,1.612,0.418,2.185c0.23,0.592,0.538,1.094,1.038,1.594c0.5,0.5,1.002,0.808,1.594,1.038 c0.572,0.222,1.227,0.375,2.185,0.418C9.249,20.99,9.556,21,12,21s2.751-0.01,3.711-0.054c0.958-0.044,1.612-0.196,2.185-0.418 c0.592-0.23,1.094-0.538,1.594-1.038c0.5-0.5,0.808-1.002,1.038-1.594c0.222-0.572,0.375-1.227,0.418-2.185 C20.99,14.751,21,14.444,21,12s-0.01-2.751-0.054-3.711c-0.044-0.958-0.196-1.612-0.418-2.185c-0.23-0.592-0.538-1.094-1.038-1.594 c-0.5-0.5-1.002-0.808-1.594-1.038c-0.572-0.222-1.227-0.375-2.185-0.418C14.751,3.01,14.444,3,12,3L12,3z M12,7.378 c-2.552,0-4.622,2.069-4.622,4.622S9.448,16.622,12,16.622s4.622-2.069,4.622-4.622S14.552,7.378,12,7.378z M12,15 c-1.657,0-3-1.343-3-3s1.343-3,3-3s3,1.343,3,3S13.657,15,12,15z M16.804,6.116c-0.596,0-1.08,0.484-1.08,1.08 s0.484,1.08,1.08,1.08c0.596,0,1.08-0.484,1.08-1.08S17.401,6.116,16.804,6.116z\"><\/path><\/svg><span class=\"wp-block-social-link-label screen-reader-text\">Instagram<\/span><\/a><\/li>\n\n<li class=\"wp-social-link wp-social-link-tiktok  wp-block-social-link\"><a href=\"https:\/\/www.tiktok.com\/@pipatius?_t=8h1Ny2PbBsu&#038;_r=1\" class=\"wp-block-social-link-anchor\"><svg width=\"24\" height=\"24\" viewBox=\"0 0 32 32\" version=\"1.1\" xmlns=\"http:\/\/www.w3.org\/2000\/svg\" aria-hidden=\"true\" focusable=\"false\"><path d=\"M16.708 0.027c1.745-0.027 3.48-0.011 5.213-0.027 0.105 2.041 0.839 4.12 2.333 5.563 1.491 1.479 3.6 2.156 5.652 2.385v5.369c-1.923-0.063-3.855-0.463-5.6-1.291-0.76-0.344-1.468-0.787-2.161-1.24-0.009 3.896 0.016 7.787-0.025 11.667-0.104 1.864-0.719 3.719-1.803 5.255-1.744 2.557-4.771 4.224-7.88 4.276-1.907 0.109-3.812-0.411-5.437-1.369-2.693-1.588-4.588-4.495-4.864-7.615-0.032-0.667-0.043-1.333-0.016-1.984 0.24-2.537 1.495-4.964 3.443-6.615 2.208-1.923 5.301-2.839 8.197-2.297 0.027 1.975-0.052 3.948-0.052 5.923-1.323-0.428-2.869-0.308-4.025 0.495-0.844 0.547-1.485 1.385-1.819 2.333-0.276 0.676-0.197 1.427-0.181 2.145 0.317 2.188 2.421 4.027 4.667 3.828 1.489-0.016 2.916-0.88 3.692-2.145 0.251-0.443 0.532-0.896 0.547-1.417 0.131-2.385 0.079-4.76 0.095-7.145 0.011-5.375-0.016-10.735 0.025-16.093z\" \/><\/svg><span class=\"wp-block-social-link-label screen-reader-text\">TikTok<\/span><\/a><\/li><\/ul>\n","protected":false},"excerpt":{"rendered":"<p>Hei vaan! Olen Pipatius Oikealta nimelt\u00e4ni Piia Haapaniemi mutta k\u00e4yt\u00e4n taiteilija nime\u00e4 &#8221;Pipatius&#8221;. T\u00e4mm\u00f6inen keskell\u00e4 p\u00f6pelikk\u00f6\u00e4 asuva maatilan kasvatti , jolla suuri rakkaus el\u00e4imi\u00e4 ja taidetta kohtaan. Yleisesti olen perinteisten menetelmien taiteilija, kuten maalailen vesiv\u00e4reill\u00e4 ja musteella. Mutta l\u00e4hivuosina olen innostunut digitaalisesta taiteesta ja sarjakuvien teosta. Haluan tuoda taiteessani esille erilaisia tarinoita ja muistoja, joita &hellip; <\/p>\n<p class=\"link-more\"><a href=\"https:\/\/www.pipatius.com\/?page_id=112&#038;lang=fi\" class=\"more-link\">Read the full post &rarr;<span class=\"screen-reader-text\">&#8221;Info&#8221;<\/span><\/a><\/p>\n","protected":false},"author":1,"featured_media":0,"parent":0,"menu_order":0,"comment_status":"closed","ping_status":"closed","template":"","meta":{"footnotes":""},"class_list":["post-112","page","type-page","status-publish","hentry"],"_links":{"self":[{"href":"https:\/\/www.pipatius.com\/index.php?rest_route=\/wp\/v2\/pages\/112","targetHints":{"allow":["GET"]}}],"collection":[{"href":"https:\/\/www.pipatius.com\/index.php?rest_route=\/wp\/v2\/pages"}],"about":[{"href":"https:\/\/www.pipatius.com\/index.php?rest_route=\/wp\/v2\/types\/page"}],"author":[{"embeddable":true,"href":"https:\/\/www.pipatius.com\/index.php?rest_route=\/wp\/v2\/users\/1"}],"replies":[{"embeddable":true,"href":"https:\/\/www.pipatius.com\/index.php?rest_route=%2Fwp%2Fv2%2Fcomments&post=112"}],"version-history":[{"count":16,"href":"https:\/\/www.pipatius.com\/index.php?rest_route=\/wp\/v2\/pages\/112\/revisions"}],"predecessor-version":[{"id":463,"href":"https:\/\/www.pipatius.com\/index.php?rest_route=\/wp\/v2\/pages\/112\/revisions\/463"}],"wp:attachment":[{"href":"https:\/\/www.pipatius.com\/index.php?rest_route=%2Fwp%2Fv2%2Fmedia&parent=112"}],"curies":[{"name":"wp","href":"https:\/\/api.w.org\/{rel}","templated":true}]}}