{"id":117,"date":"2023-10-27T12:00:41","date_gmt":"2023-10-27T09:00:41","guid":{"rendered":"http:\/\/www.pipatius.com\/?page_id=117"},"modified":"2025-08-04T08:48:35","modified_gmt":"2025-08-04T05:48:35","slug":"sarjakuva","status":"publish","type":"page","link":"https:\/\/www.pipatius.com\/?page_id=117&lang=fi","title":{"rendered":"Sarjakuva"},"content":{"rendered":"\n<div class=\"wp-block-media-text is-stacked-on-mobile\"><figure class=\"wp-block-media-text__media\"><img loading=\"lazy\" decoding=\"async\" width=\"412\" height=\"582\" src=\"https:\/\/www.pipatius.com\/wp-content\/uploads\/2023\/11\/kansi-animaatio-1.gif\" alt=\"\" class=\"wp-image-153 size-full\"\/><\/figure><div class=\"wp-block-media-text__content\">\n<p><strong>Tarina tiivistelm\u00e4<\/strong><\/p>\n\n\n\n<p>Pienen kanan tarina, joka t\u00e4ynn\u00e4 suuria haasteita. T\u00e4m\u00e4 seikkailullaan tapaa ruhjoutuneen viikingin eriskummallisella tavalla. Kaksikon yhteiselon alku taival v\u00e4h\u00e4n kivikkoinen, mutta tarinan edess\u00e4 n\u00e4hd\u00e4\u00e4n muutuuko heid\u00e4n yhteiselo ja voisiko se jopa kukoistaa?<\/p>\n<\/div><\/div>\n\n\n\n<p><\/p>\n\n\n\n<div class=\"wp-block-envira-envira-gallery\"><div id=\"envira-gallery-wrap-406\" class=\"envira-gallery-wrap envira-gallery-theme-base envira-lightbox-theme-base\" itemscope itemtype=\"https:\/\/schema.org\/ImageGallery\"><div data-row-height=\"\" data-gallery-theme=\"\" id=\"envira-gallery-406\" class=\"envira-gallery-public  envira-gallery-3-columns envira-clear enviratope envira-gallery-css-animations\" data-envira-columns=\"3\"><div id=\"envira-gallery-item-418\" class=\"envira-gallery-item enviratope-item envira-gallery-item-1 envira-lazy-load\" style=\"padding-left: 5px; padding-bottom: 10px; padding-right: 5px;\"  itemscope itemtype=\"https:\/\/schema.org\/ImageObject\"><div class=\"envira-gallery-item-inner\"><div class=\"envira-gallery-position-overlay  envira-gallery-top-left\"><\/div><div class=\"envira-gallery-position-overlay  envira-gallery-top-right\"><\/div><div class=\"envira-gallery-position-overlay  envira-gallery-bottom-left\"><\/div><div class=\"envira-gallery-position-overlay  envira-gallery-bottom-right\"><\/div><a href=\"https:\/\/www.pipatius.com\/wp-content\/uploads\/2025\/06\/Sulka-side-Kansi-pienempi-1-scaled.jpg\" class=\"envira-gallery-link\" rel=\"enviragallery406\" title=\"Sulka side Kansi\" data-envira-caption=\"Sulka side Kansi\" data-envira-retina=\"\" data-thumbnail=\"\" target=\"_blank\"  itemprop=\"contentUrl\"><div class=\"envira-lazy\" data-test-width=\"640\" data-test-height=\"480\" style=\"padding-bottom:75%;\"><img decoding=\"async\" id=\"envira-gallery-image-418\" class=\"envira-gallery-image envira-gallery-image-1\" data-envira-index=\"1\" src=\"https:\/\/www.pipatius.com\/wp-content\/uploads\/2025\/06\/Sulka-side-Kansi-pienempi-1-723x1024.jpg\" data-envira-src=\"https:\/\/www.pipatius.com\/wp-content\/uploads\/2025\/06\/Sulka-side-Kansi-pienempi-1-723x1024.jpg\" data-envira-gallery-id=\"406\" data-envira-item-id=\"418\" data-envira-caption=\"Sulka side Kansi\" alt=\"Sulka side sarjakuvan kansi jossa on pes\u00e4 vihreyden keskell\u00e4 jossa on munia\" title=\"Sulka side Kansi\"  itemprop=\"thumbnailUrl\" data-envira-srcset=\"https:\/\/www.pipatius.com\/wp-content\/uploads\/2025\/06\/Sulka-side-Kansi-pienempi-1-723x1024.jpg 400w,https:\/\/www.pipatius.com\/wp-content\/uploads\/2025\/06\/Sulka-side-Kansi-pienempi-1-723x1024.jpg 2x\" srcset=\"data:image\/gif;base64,R0lGODlhAQABAIAAAP\/\/\/\/\/\/\/yH5BAEKAAEALAAAAAABAAEAAAICTAEAOw==\" \/><\/div><\/a><\/div><\/div><div id=\"envira-gallery-item-423\" class=\"envira-gallery-item enviratope-item envira-gallery-item-2 envira-lazy-load\" style=\"padding-left: 5px; padding-bottom: 10px; padding-right: 5px;\"  itemscope itemtype=\"https:\/\/schema.org\/ImageObject\"><div class=\"envira-gallery-item-inner\"><div class=\"envira-gallery-position-overlay  envira-gallery-top-left\"><\/div><div class=\"envira-gallery-position-overlay  envira-gallery-top-right\"><\/div><div class=\"envira-gallery-position-overlay  envira-gallery-bottom-left\"><\/div><div class=\"envira-gallery-position-overlay  envira-gallery-bottom-right\"><\/div><a href=\"https:\/\/www.pipatius.com\/wp-content\/uploads\/2025\/07\/Sulka-side-varoitus--scaled.jpg\" class=\"envira-gallery-link\" rel=\"enviragallery406\" title=\"Sulka side -varoitus-\" data-envira-caption=\"Sulka side -varoitus-\" data-envira-retina=\"\" data-thumbnail=\"\" target=\"_blank\"  itemprop=\"contentUrl\"><div class=\"envira-lazy\" data-test-width=\"640\" data-test-height=\"480\" style=\"padding-bottom:75%;\"><img decoding=\"async\" id=\"envira-gallery-image-423\" class=\"envira-gallery-image envira-gallery-image-2\" data-envira-index=\"2\" src=\"https:\/\/www.pipatius.com\/wp-content\/uploads\/2025\/07\/Sulka-side-varoitus--723x1024.jpg\" data-envira-src=\"https:\/\/www.pipatius.com\/wp-content\/uploads\/2025\/07\/Sulka-side-varoitus--723x1024.jpg\" data-envira-gallery-id=\"406\" data-envira-item-id=\"423\" data-envira-caption=\"Sulka side -varoitus-\" alt=\"Varoitus sivu jossa lukee ettei kyseinen sarjakuva sovellu alle 13 vuotialle\" title=\"Sulka side -varoitus-\"  itemprop=\"thumbnailUrl\" data-envira-srcset=\"https:\/\/www.pipatius.com\/wp-content\/uploads\/2025\/07\/Sulka-side-varoitus--723x1024.jpg 400w,https:\/\/www.pipatius.com\/wp-content\/uploads\/2025\/07\/Sulka-side-varoitus--723x1024.jpg 2x\" srcset=\"data:image\/gif;base64,R0lGODlhAQABAIAAAP\/\/\/\/\/\/\/yH5BAEKAAEALAAAAAABAAEAAAICTAEAOw==\" \/><\/div><\/a><\/div><\/div><div id=\"envira-gallery-item-429\" class=\"envira-gallery-item enviratope-item envira-gallery-item-3 envira-lazy-load\" style=\"padding-left: 5px; padding-bottom: 10px; padding-right: 5px;\"  itemscope itemtype=\"https:\/\/schema.org\/ImageObject\"><div class=\"envira-gallery-item-inner\"><div class=\"envira-gallery-position-overlay  envira-gallery-top-left\"><\/div><div class=\"envira-gallery-position-overlay  envira-gallery-top-right\"><\/div><div class=\"envira-gallery-position-overlay  envira-gallery-bottom-left\"><\/div><div class=\"envira-gallery-position-overlay  envira-gallery-bottom-right\"><\/div><a href=\"https:\/\/www.pipatius.com\/wp-content\/uploads\/2025\/06\/Sulka-side-sivu-1-1-1-scaled.jpg\" class=\"envira-gallery-link\" rel=\"enviragallery406\" title=\"sivu 1\" data-envira-caption=\"sivu 1\" data-envira-retina=\"\" data-thumbnail=\"\" target=\"_blank\"  itemprop=\"contentUrl\"><div class=\"envira-lazy\" data-test-width=\"640\" data-test-height=\"480\" style=\"padding-bottom:75%;\"><img decoding=\"async\" id=\"envira-gallery-image-429\" class=\"envira-gallery-image envira-gallery-image-3\" data-envira-index=\"3\" src=\"https:\/\/www.pipatius.com\/wp-content\/uploads\/2025\/06\/Sulka-side-sivu-1-1-1-723x1024.jpg\" data-envira-src=\"https:\/\/www.pipatius.com\/wp-content\/uploads\/2025\/06\/Sulka-side-sivu-1-1-1-723x1024.jpg\" data-envira-gallery-id=\"406\" data-envira-item-id=\"429\" data-envira-caption=\"sivu 1\" alt=\"Sivu 1 Tarinan avaus sivu jossa on kev\u00e4inen mets\u00e4\" title=\"sivu 1\"  itemprop=\"thumbnailUrl\" data-envira-srcset=\"https:\/\/www.pipatius.com\/wp-content\/uploads\/2025\/06\/Sulka-side-sivu-1-1-1-723x1024.jpg 400w,https:\/\/www.pipatius.com\/wp-content\/uploads\/2025\/06\/Sulka-side-sivu-1-1-1-723x1024.jpg 2x\" srcset=\"data:image\/gif;base64,R0lGODlhAQABAIAAAP\/\/\/\/\/\/\/yH5BAEKAAEALAAAAAABAAEAAAICTAEAOw==\" \/><\/div><\/a><\/div><\/div><div id=\"envira-gallery-item-438\" class=\"envira-gallery-item enviratope-item envira-gallery-item-4 envira-lazy-load\" style=\"padding-left: 5px; padding-bottom: 10px; padding-right: 5px;\"  itemscope itemtype=\"https:\/\/schema.org\/ImageObject\"><div class=\"envira-gallery-item-inner\"><div class=\"envira-gallery-position-overlay  envira-gallery-top-left\"><\/div><div class=\"envira-gallery-position-overlay  envira-gallery-top-right\"><\/div><div class=\"envira-gallery-position-overlay  envira-gallery-bottom-left\"><\/div><div class=\"envira-gallery-position-overlay  envira-gallery-bottom-right\"><\/div><a href=\"https:\/\/www.pipatius.com\/wp-content\/uploads\/2025\/08\/Sulka-side-sivu-2-1-2-scaled.jpg\" class=\"envira-gallery-link\" rel=\"enviragallery406\" title=\"sivu 2\" data-envira-caption=\"sivu 2\" data-envira-retina=\"\" data-thumbnail=\"\" target=\"_blank\"  itemprop=\"contentUrl\"><div class=\"envira-lazy\" data-test-width=\"640\" data-test-height=\"480\" style=\"padding-bottom:75%;\"><img decoding=\"async\" id=\"envira-gallery-image-438\" class=\"envira-gallery-image envira-gallery-image-4\" data-envira-index=\"4\" src=\"https:\/\/www.pipatius.com\/wp-content\/uploads\/2025\/08\/Sulka-side-sivu-2-1-2-723x1024.jpg\" data-envira-src=\"https:\/\/www.pipatius.com\/wp-content\/uploads\/2025\/08\/Sulka-side-sivu-2-1-2-723x1024.jpg\" data-envira-gallery-id=\"406\" data-envira-item-id=\"438\" data-envira-caption=\"sivu 2\" alt=\"Sarjakuvasivussa katsoja l\u00e4hestyy puun juurella olevaan pes\u00e4\u00e4n jossa istuu mustaharmaa kana. Kana nousee yl\u00f6s hieman paljastaen alla olevat vasta kuoriutuneet tivut sek\u00e4 muutaman munan.\" title=\"sivu 2\"  itemprop=\"thumbnailUrl\" data-envira-srcset=\"https:\/\/www.pipatius.com\/wp-content\/uploads\/2025\/08\/Sulka-side-sivu-2-1-2-723x1024.jpg 400w,https:\/\/www.pipatius.com\/wp-content\/uploads\/2025\/08\/Sulka-side-sivu-2-1-2-723x1024.jpg 2x\" srcset=\"data:image\/gif;base64,R0lGODlhAQABAIAAAP\/\/\/\/\/\/\/yH5BAEKAAEALAAAAAABAAEAAAICTAEAOw==\" \/><\/div><\/a><\/div><\/div><div id=\"envira-gallery-item-443\" class=\"envira-gallery-item enviratope-item envira-gallery-item-5 envira-lazy-load\" style=\"padding-left: 5px; padding-bottom: 10px; padding-right: 5px;\"  itemscope itemtype=\"https:\/\/schema.org\/ImageObject\"><div class=\"envira-gallery-item-inner\"><div class=\"envira-gallery-position-overlay  envira-gallery-top-left\"><\/div><div class=\"envira-gallery-position-overlay  envira-gallery-top-right\"><\/div><div class=\"envira-gallery-position-overlay  envira-gallery-bottom-left\"><\/div><div class=\"envira-gallery-position-overlay  envira-gallery-bottom-right\"><\/div><a href=\"https:\/\/www.pipatius.com\/wp-content\/uploads\/2025\/08\/Sulka-side-sivu-3--scaled.jpg\" class=\"envira-gallery-link\" rel=\"enviragallery406\" title=\"sivu 3\" data-envira-caption=\"sivu 3\" data-envira-retina=\"\" data-thumbnail=\"\" target=\"_blank\"  itemprop=\"contentUrl\"><div class=\"envira-lazy\" data-test-width=\"640\" data-test-height=\"480\" style=\"padding-bottom:75%;\"><img decoding=\"async\" id=\"envira-gallery-image-443\" class=\"envira-gallery-image envira-gallery-image-5\" data-envira-index=\"5\" src=\"https:\/\/www.pipatius.com\/wp-content\/uploads\/2025\/08\/Sulka-side-sivu-3--723x1024.jpg\" data-envira-src=\"https:\/\/www.pipatius.com\/wp-content\/uploads\/2025\/08\/Sulka-side-sivu-3--723x1024.jpg\" data-envira-gallery-id=\"406\" data-envira-item-id=\"443\" data-envira-caption=\"sivu 3\" alt=\"Sivulla kana istahtaa takaisin tipujensa ja munien p\u00e4\u00e4lle sanoen heille ett\u00e4 joutuvat odottamaan viel\u00e4 muita sisaruksiaan. aika kuluu y\u00f6h\u00f6n ja siit\u00e4 p\u00e4iv\u00e4\u00e4n\" title=\"sivu 3\"  itemprop=\"thumbnailUrl\" data-envira-srcset=\"https:\/\/www.pipatius.com\/wp-content\/uploads\/2025\/08\/Sulka-side-sivu-3--723x1024.jpg 400w,https:\/\/www.pipatius.com\/wp-content\/uploads\/2025\/08\/Sulka-side-sivu-3--723x1024.jpg 2x\" srcset=\"data:image\/gif;base64,R0lGODlhAQABAIAAAP\/\/\/\/\/\/\/yH5BAEKAAEALAAAAAABAAEAAAICTAEAOw==\" \/><\/div><\/a><\/div><\/div><div id=\"envira-gallery-item-458\" class=\"envira-gallery-item enviratope-item envira-gallery-item-6 envira-lazy-load\" style=\"padding-left: 5px; padding-bottom: 10px; padding-right: 5px;\"  itemscope itemtype=\"https:\/\/schema.org\/ImageObject\"><div class=\"envira-gallery-item-inner\"><div class=\"envira-gallery-position-overlay  envira-gallery-top-left\"><\/div><div class=\"envira-gallery-position-overlay  envira-gallery-top-right\"><\/div><div class=\"envira-gallery-position-overlay  envira-gallery-bottom-left\"><\/div><div class=\"envira-gallery-position-overlay  envira-gallery-bottom-right\"><\/div><a href=\"https:\/\/www.pipatius.com\/wp-content\/uploads\/2025\/08\/Sulka-side-sivu-4-p-3.png\" class=\"envira-gallery-link\" rel=\"enviragallery406\" title=\"Sivu 4\" data-envira-caption=\"Sivu 4\" data-envira-retina=\"\" data-thumbnail=\"\" target=\"_blank\"  itemprop=\"contentUrl\"><div class=\"envira-lazy\" data-test-width=\"640\" data-test-height=\"480\" style=\"padding-bottom:75%;\"><img decoding=\"async\" id=\"envira-gallery-image-458\" class=\"envira-gallery-image envira-gallery-image-6\" data-envira-index=\"6\" src=\"https:\/\/www.pipatius.com\/wp-content\/uploads\/2025\/08\/Sulka-side-sivu-4-p-3.png\" data-envira-src=\"https:\/\/www.pipatius.com\/wp-content\/uploads\/2025\/08\/Sulka-side-sivu-4-p-3.png\" data-envira-gallery-id=\"406\" data-envira-item-id=\"458\" data-envira-caption=\"Sivu 4\" alt=\"Seuraava p\u00e4iv\u00e4 sarastaa ja poikaset nukkumassa emonsa alla, mutta h\u00f6yhenet liikkuvat vimmatusti sitten h\u00f6yhenten seasta hypp\u00e4\u00e4 nopeasti pieni keltainen tipu innokkaasti piipitt\u00e4en, her\u00e4tt\u00e4en kaikki.\" title=\"Sivu 4\"  itemprop=\"thumbnailUrl\" data-envira-srcset=\"https:\/\/www.pipatius.com\/wp-content\/uploads\/2025\/08\/Sulka-side-sivu-4-p-3.png 400w,https:\/\/www.pipatius.com\/wp-content\/uploads\/2025\/08\/Sulka-side-sivu-4-p-3.png 2x\" srcset=\"data:image\/gif;base64,R0lGODlhAQABAIAAAP\/\/\/\/\/\/\/yH5BAEKAAEALAAAAAABAAEAAAICTAEAOw==\" \/><\/div><\/a><\/div><\/div><\/div><\/div><noscript><img decoding=\"async\" src=\"https:\/\/www.pipatius.com\/wp-content\/uploads\/2025\/06\/Sulka-side-Kansi-pienempi-1-scaled.jpg\" alt=\"Sulka side sarjakuvan kansi jossa on pes\u00e4 vihreyden keskell\u00e4 jossa on munia\" \/><img decoding=\"async\" src=\"https:\/\/www.pipatius.com\/wp-content\/uploads\/2025\/07\/Sulka-side-varoitus--scaled.jpg\" alt=\"Varoitus sivu jossa lukee ettei kyseinen sarjakuva sovellu alle 13 vuotialle\" \/><img decoding=\"async\" src=\"https:\/\/www.pipatius.com\/wp-content\/uploads\/2025\/06\/Sulka-side-sivu-1-1-1-scaled.jpg\" alt=\"Sivu 1 Tarinan avaus sivu jossa on kev\u00e4inen mets\u00e4\" \/><img decoding=\"async\" src=\"https:\/\/www.pipatius.com\/wp-content\/uploads\/2025\/08\/Sulka-side-sivu-2-1-2-scaled.jpg\" alt=\"Sarjakuvasivussa katsoja l\u00e4hestyy puun juurella olevaan pes\u00e4\u00e4n jossa istuu mustaharmaa kana. Kana nousee yl\u00f6s hieman paljastaen alla olevat vasta kuoriutuneet tivut sek\u00e4 muutaman munan.\" \/><img decoding=\"async\" src=\"https:\/\/www.pipatius.com\/wp-content\/uploads\/2025\/08\/Sulka-side-sivu-3--scaled.jpg\" alt=\"Sivulla kana istahtaa takaisin tipujensa ja munien p\u00e4\u00e4lle sanoen heille ett\u00e4 joutuvat odottamaan viel\u00e4 muita sisaruksiaan. aika kuluu y\u00f6h\u00f6n ja siit\u00e4 p\u00e4iv\u00e4\u00e4n\" \/><img decoding=\"async\" src=\"https:\/\/www.pipatius.com\/wp-content\/uploads\/2025\/08\/Sulka-side-sivu-4-p-3.png\" alt=\"Seuraava p\u00e4iv\u00e4 sarastaa ja poikaset nukkumassa emonsa alla, mutta h\u00f6yhenet liikkuvat vimmatusti sitten h\u00f6yhenten seasta hypp\u00e4\u00e4 nopeasti pieni keltainen tipu innokkaasti piipitt\u00e4en, her\u00e4tt\u00e4en kaikki.\" \/><\/noscript><\/div>\n","protected":false},"excerpt":{"rendered":"<p>Tarina tiivistelm\u00e4 Pienen kanan tarina, joka t\u00e4ynn\u00e4 suuria haasteita. T\u00e4m\u00e4 seikkailullaan tapaa ruhjoutuneen viikingin eriskummallisella tavalla. Kaksikon yhteiselon alku taival v\u00e4h\u00e4n kivikkoinen, mutta tarinan edess\u00e4 n\u00e4hd\u00e4\u00e4n muutuuko heid\u00e4n yhteiselo ja voisiko se jopa kukoistaa?<\/p>\n","protected":false},"author":1,"featured_media":0,"parent":0,"menu_order":0,"comment_status":"closed","ping_status":"closed","template":"","meta":{"footnotes":""},"class_list":["post-117","page","type-page","status-publish","hentry"],"_links":{"self":[{"href":"https:\/\/www.pipatius.com\/index.php?rest_route=\/wp\/v2\/pages\/117","targetHints":{"allow":["GET"]}}],"collection":[{"href":"https:\/\/www.pipatius.com\/index.php?rest_route=\/wp\/v2\/pages"}],"about":[{"href":"https:\/\/www.pipatius.com\/index.php?rest_route=\/wp\/v2\/types\/page"}],"author":[{"embeddable":true,"href":"https:\/\/www.pipatius.com\/index.php?rest_route=\/wp\/v2\/users\/1"}],"replies":[{"embeddable":true,"href":"https:\/\/www.pipatius.com\/index.php?rest_route=%2Fwp%2Fv2%2Fcomments&post=117"}],"version-history":[{"count":15,"href":"https:\/\/www.pipatius.com\/index.php?rest_route=\/wp\/v2\/pages\/117\/revisions"}],"predecessor-version":[{"id":460,"href":"https:\/\/www.pipatius.com\/index.php?rest_route=\/wp\/v2\/pages\/117\/revisions\/460"}],"wp:attachment":[{"href":"https:\/\/www.pipatius.com\/index.php?rest_route=%2Fwp%2Fv2%2Fmedia&parent=117"}],"curies":[{"name":"wp","href":"https:\/\/api.w.org\/{rel}","templated":true}]}}